{"id":1303,"date":"2021-09-19T11:15:33","date_gmt":"2021-09-19T14:15:33","guid":{"rendered":"http:\/\/localhost\/OSGSITE\/?page_id=1303"},"modified":"2023-01-04T16:57:50","modified_gmt":"2023-01-04T19:57:50","slug":"macho-multiaplicacao-de-alta-eficienca","status":"publish","type":"page","link":"https:\/\/osg.com.br\/es\/produtos\/machos\/macho-multiaplicacao-de-alta-eficienca\/","title":{"rendered":"Macho Multiaplica\u00e7\u00e3o de Alta Efici\u00eanca"},"content":{"rendered":"","protected":false},"excerpt":{"rendered":"","protected":false},"author":1,"featured_media":0,"parent":67,"menu_order":0,"comment_status":"closed","ping_status":"closed","template":"pagina-de-produto.php","meta":{"footnotes":""},"class_list":["post-1303","page","type-page","status-publish","hentry"],"_links":{"self":[{"href":"https:\/\/osg.com.br\/es\/wp-json\/wp\/v2\/pages\/1303","targetHints":{"allow":["GET"]}}],"collection":[{"href":"https:\/\/osg.com.br\/es\/wp-json\/wp\/v2\/pages"}],"about":[{"href":"https:\/\/osg.com.br\/es\/wp-json\/wp\/v2\/types\/page"}],"author":[{"embeddable":true,"href":"https:\/\/osg.com.br\/es\/wp-json\/wp\/v2\/users\/1"}],"replies":[{"embeddable":true,"href":"https:\/\/osg.com.br\/es\/wp-json\/wp\/v2\/comments?post=1303"}],"version-history":[{"count":3,"href":"https:\/\/osg.com.br\/es\/wp-json\/wp\/v2\/pages\/1303\/revisions"}],"predecessor-version":[{"id":6706,"href":"https:\/\/osg.com.br\/es\/wp-json\/wp\/v2\/pages\/1303\/revisions\/6706"}],"up":[{"embeddable":true,"href":"https:\/\/osg.com.br\/es\/wp-json\/wp\/v2\/pages\/67"}],"wp:attachment":[{"href":"https:\/\/osg.com.br\/es\/wp-json\/wp\/v2\/media?parent=1303"}],"curies":[{"name":"wp","href":"https:\/\/api.w.org\/{rel}","templated":true}]}}